
{"id":42,"date":"2021-02-04T16:28:05","date_gmt":"2021-02-04T15:28:05","guid":{"rendered":"https:\/\/wohllebenfilm.de\/?page_id=42"},"modified":"2022-02-10T16:21:54","modified_gmt":"2022-02-10T15:21:54","slug":"agencies-companies","status":"publish","type":"page","link":"https:\/\/wohllebenfilm.de\/en\/clients\/agencies-companies\/","title":{"rendered":"Agencies \/ Companies"},"content":{"rendered":"\n<p><a target=\"_blank\" href=\"https:\/\/www.abda.de\/\" rel=\"noopener\">ABDA<\/a><\/p>\n\n\n\n<p>Audiomoto<\/p>\n\n\n\n<p>Asociati\u00f3n Hermanos Sa\u00edz<\/p>\n\n\n\n<p><a target=\"_blank\" href=\"https:\/\/avoxa.de\/\" rel=\"noopener\">Avoxa \u2013 Mediengruppe Deutscher Apotheker GmbH<\/a><\/p>\n\n\n\n<p>Bewegtes Bild<\/p>\n\n\n\n<p>Bfc \u2013 Das Redaktionsb\u00fcro<\/p>\n\n\n\n<p><a target=\"_blank\" href=\"http:\/\/www.blackpearlrecords.de\/\" rel=\"noopener\">Black Pearl Records<\/a><\/p>\n\n\n\n<p><a target=\"_blank\" href=\"https:\/\/dreambeam.tv\/\" rel=\"noopener\">Dreambeam<\/a><\/p>\n\n\n\n<p><a target=\"_blank\" href=\"https:\/\/www.ep-reisen.de\/\" rel=\"noopener\">E&amp;P Reisen-Events<\/a><\/p>\n\n\n\n<p><a target=\"_blank\" href=\"https:\/\/www.e-rm.de\/\" rel=\"noopener\">E-RM Erfindungsb\u00fcro<\/a><\/p>\n\n\n\n<p><a target=\"_blank\" href=\"https:\/\/havanna.diplo.de\/cu-de\" rel=\"noopener\">German Embassy, Cuba<\/a><\/p>\n\n\n\n<p><a target=\"_blank\" href=\"https:\/\/www.goethe.de\/\" rel=\"noopener\">Goethe Institute<\/a><\/p>\n\n\n\n<p><a target=\"_blank\" href=\"https:\/\/karlsberg.de\/\" rel=\"noopener\">Karlsberg Brewery<\/a><\/p>\n\n\n\n<p><a target=\"_blank\" href=\"http:\/\/www.koelnmesse.de\/\" rel=\"noopener\">K\u00f6lnMesse -\u2006 \u2006 Cologne Trade Fair<\/a><\/p>\n\n\n\n<p><a target=\"_blank\" href=\"https:\/\/www.kraftheinzcompany.com\/\" rel=\"noopener\">Kraft Heinz<\/a><\/p>\n\n\n\n<p><a target=\"_blank\" href=\"http:\/\/kennedysconfection.com\/\" rel=\"noopener\">Kennedys Confection UK<\/a><\/p>\n\n\n\n<p><a target=\"_blank\" href=\"https:\/\/vimeo.com\/user45376175\" rel=\"noopener\">Luna Jack Films<\/a><\/p>\n\n\n\n<p><a target=\"_blank\" href=\"http:\/\/www.mpmsite.com\/\" rel=\"noopener\">Melting Pot Music<\/a><\/p>\n\n\n\n<p><a target=\"_blank\" href=\"https:\/\/www.wolf-garten.com\/de\/\" rel=\"noopener\">MTD \u2013 Wolf Garten<\/a><\/p>\n\n\n\n<p>Neue Bildart<\/p>\n\n\n\n<p><a target=\"_blank\" href=\"https:\/\/www.ohrwerk.com\/\" rel=\"noopener\">Ohrwerk<\/a><\/p>\n\n\n\n<p><a target=\"_blank\" href=\"https:\/\/www.pharmazeutische-zeitung.de\/\" rel=\"noopener\">Pharmazeutische Zeitung<\/a><\/p>\n\n\n\n<p><a href=\"http:\/\/www.dirkbehlau.de\/\" target=\"_blank\" rel=\"noreferrer noopener\">Pixeleye<\/a> <\/p>\n\n\n\n<p><a href=\"https:\/\/www.facebook.com\/groups\/216756188506652\" target=\"_blank\" rel=\"noreferrer noopener\">Potaje Urbano Festival de Hip Hop Cubano<\/a><\/p>\n\n\n\n<p><a target=\"_blank\" href=\"http:\/\/redrainrecords.com\/\" rel=\"noopener\">Redrain Records<\/a><\/p>\n\n\n\n<p><a target=\"_blank\" href=\"https:\/\/www.satzgewinn.com\/\" rel=\"noopener\">Satzgewinn<\/a><\/p>\n\n\n\n<p>Schnittstelle<\/p>\n\n\n\n<p><a target=\"_blank\" href=\"https:\/\/www.sitewards.com\/\" rel=\"noopener\">Sitewards GmbH<\/a><\/p>\n\n\n\n<p><a target=\"_blank\" href=\"https:\/\/www.telekom.de\/\" rel=\"noopener\">Telekom<\/a><\/p>\n\n\n\n<p><a target=\"_blank\" href=\"https:\/\/www.t-online.de\/\" rel=\"noopener\">T-Online<\/a><\/p>\n\n\n\n<p><a target=\"_blank\" href=\"https:\/\/www.vucx.de\/\" rel=\"noopener\">VUCX Vision Unlimited Creative Worx<\/a><\/p>\n\n\n\n<p><a target=\"_blank\" href=\"https:\/\/www.wepa-apothekenbedarf.de\/\" rel=\"noopener\">WEPA \u2013 Die Apothekenmarke<\/a><\/p>\n\n\n\n<p>Carhartt \u2013&nbsp;<a target=\"_blank\" href=\"https:\/\/www.carhartt-wip.com\/de\" rel=\"noopener\">Work in Progress<\/a><\/p>\n\n\n\n<p><a target=\"_blank\" href=\"http:\/\/yadastar.com\/\" rel=\"noopener\">Yadastar<\/a><\/p>\n\n\n\n<p><a target=\"_blank\" href=\"https:\/\/www.zu.de\/\" rel=\"noopener\">Zeppelin University<\/a><\/p>\n\n\n<p><a href=\"https:\/\/www.fincon.eu\/\" target=\"_blank\" rel=\"noopener\">Fincon<\/a><\/p>\n<p><a href=\"https:\/\/www.salon-deluxe.com\/\" target=\"_blank\" rel=\"noopener\">Salon deluxe<\/a><\/p>\n<p><a href=\"https:\/\/www.c-and-a.com\/de\/de\/corporate\/company\/\" target=\"_blank\" rel=\"noopener\">C + A<\/a><\/p>\n<p><a href=\"https:\/\/www.sieben-acht.com\/\" target=\"_blank\" rel=\"noopener\">Sieben8<\/a><\/p>\n<p><a href=\"http:\/\/www.skiesofblue.media\/index.html\" target=\"_blank\" rel=\"noopener\">Skiesofblue<\/a><\/p>\n<p><a href=\"https:\/\/www.youtube.com\/watch?v=m86roFLsI8U\" target=\"_blank\" rel=\"noopener\">Bikepassion<\/a><\/p>","protected":false},"excerpt":{"rendered":"<p>ABDA Audiomoto Asociati\u00f3n Hermanos Sa\u00edz Avoxa \u2013 Mediengruppe Deutscher Apotheker GmbH Bewegtes Bild Bfc \u2013 Das Redaktionsb\u00fcro Black Pearl Records Dreambeam E&amp;P Reisen-Events E-RM Erfindungsb\u00fcro German Embassy, Cuba Goethe Institute Karlsberg Brewery K\u00f6lnMesse -\u2006 \u2006 Cologne Trade Fair Kraft Heinz Kennedys Confection UK Luna Jack Films Melting Pot Music MTD \u2013 Wolf Garten Neue Bildart &hellip; <\/p>\n<p class=\"link-more\"><a href=\"https:\/\/wohllebenfilm.de\/en\/clients\/agencies-companies\/\" class=\"more-link\">Continue reading<span class=\"screen-reader-text\"> &#8220;Agencies \/ Companies&#8221;<\/span><\/a><\/p>\n","protected":false},"author":1,"featured_media":0,"parent":38,"menu_order":0,"comment_status":"closed","ping_status":"closed","template":"","meta":{"_uag_custom_page_level_css":"","footnotes":""},"class_list":["post-42","page","type-page","status-publish","hentry"],"featured_image_urls_v2":{"full":"","thumbnail":"","medium":"","medium_large":"","large":"","1536x1536":"","2048x2048":"","twentyseventeen-featured-image":"","twentyseventeen-thumbnail-avatar":"","sow-carousel-default":""},"post_excerpt_stackable_v2":"<p>ABDA Audiomoto Asociati\u00f3n Hermanos Sa\u00edz Avoxa \u2013 Mediengruppe Deutscher Apotheker GmbH Bewegtes Bild Bfc \u2013 Das Redaktionsb\u00fcro Black Pearl Records Dreambeam E&amp;P Reisen-Events E-RM Erfindungsb\u00fcro German Embassy, Cuba Goethe Institute Karlsberg Brewery K\u00f6lnMesse -\u2006 \u2006 Cologne Trade Fair Kraft Heinz Kennedys Confection UK Luna Jack Films Melting Pot Music MTD \u2013 Wolf Garten Neue Bildart Ohrwerk Pharmazeutische Zeitung Pixeleye Potaje Urbano Festival de Hip Hop Cubano Redrain Records Satzgewinn Schnittstelle Sitewards GmbH Telekom T-Online VUCX Vision Unlimited Creative Worx WEPA \u2013 Die Apothekenmarke Carhartt \u2013&nbsp;Work in Progress Yadastar Zeppelin University Fincon Salon deluxe C + A Sieben8 Skiesofblue Bikepassion<\/p>\n","category_list_v2":"","author_info_v2":{"name":"da Agency","url":"https:\/\/wohllebenfilm.de\/en\/author\/da-agency\/"},"comments_num_v2":"0 comments","yoast_head":"<!-- This site is optimized with the Yoast SEO plugin v27.2 - https:\/\/yoast.com\/product\/yoast-seo-wordpress\/ -->\n<title>Agencies \/ Companies - wohllebenfilm.de<\/title>\n<meta name=\"robots\" content=\"index, follow, max-snippet:-1, max-image-preview:large, max-video-preview:-1\" \/>\n<link rel=\"canonical\" href=\"https:\/\/wohllebenfilm.de\/kunden\/agenturen-firmen\/\" \/>\n<meta property=\"og:locale\" content=\"en_US\" \/>\n<meta property=\"og:type\" content=\"article\" \/>\n<meta property=\"og:title\" content=\"Agencies \/ Companies - wohllebenfilm.de\" \/>\n<meta property=\"og:description\" content=\"ABDA Audiomoto Asociati\u00f3n Hermanos Sa\u00edz Avoxa \u2013 Mediengruppe Deutscher Apotheker GmbH Bewegtes Bild Bfc \u2013 Das Redaktionsb\u00fcro Black Pearl Records Dreambeam E&amp;P Reisen-Events E-RM Erfindungsb\u00fcro German Embassy, Cuba Goethe Institute Karlsberg Brewery K\u00f6lnMesse -\u2006 \u2006 Cologne Trade Fair Kraft Heinz Kennedys Confection UK Luna Jack Films Melting Pot Music MTD \u2013 Wolf Garten Neue Bildart &hellip; Continue reading &quot;Agencies \/ Companies&quot;\" \/>\n<meta property=\"og:url\" content=\"https:\/\/wohllebenfilm.de\/kunden\/agenturen-firmen\/\" \/>\n<meta property=\"og:site_name\" content=\"wohllebenfilm.de\" \/>\n<meta property=\"article:modified_time\" content=\"2022-02-10T15:21:54+00:00\" \/>\n<meta name=\"twitter:card\" content=\"summary_large_image\" \/>\n<meta name=\"twitter:label1\" content=\"Est. reading time\" \/>\n\t<meta name=\"twitter:data1\" content=\"1 minute\" \/>\n<script type=\"application\/ld+json\" class=\"yoast-schema-graph\">{\"@context\":\"https:\/\/schema.org\",\"@graph\":[{\"@type\":\"WebPage\",\"@id\":\"https:\/\/wohllebenfilm.de\/kunden\/agenturen-firmen\/\",\"url\":\"https:\/\/wohllebenfilm.de\/kunden\/agenturen-firmen\/\",\"name\":\"Agencies \/ Companies - wohllebenfilm.de\",\"isPartOf\":{\"@id\":\"https:\/\/wohllebenfilm.de\/#website\"},\"datePublished\":\"2021-02-04T15:28:05+00:00\",\"dateModified\":\"2022-02-10T15:21:54+00:00\",\"breadcrumb\":{\"@id\":\"https:\/\/wohllebenfilm.de\/kunden\/agenturen-firmen\/#breadcrumb\"},\"inLanguage\":\"en-US\",\"potentialAction\":[{\"@type\":\"ReadAction\",\"target\":[\"https:\/\/wohllebenfilm.de\/kunden\/agenturen-firmen\/\"]}]},{\"@type\":\"BreadcrumbList\",\"@id\":\"https:\/\/wohllebenfilm.de\/kunden\/agenturen-firmen\/#breadcrumb\",\"itemListElement\":[{\"@type\":\"ListItem\",\"position\":1,\"name\":\"Startseite\",\"item\":\"https:\/\/wohllebenfilm.de\/en\/\"},{\"@type\":\"ListItem\",\"position\":2,\"name\":\"Clients\",\"item\":\"https:\/\/wohllebenfilm.de\/kunden\/\"},{\"@type\":\"ListItem\",\"position\":3,\"name\":\"Agencies \/ Companies\"}]},{\"@type\":\"WebSite\",\"@id\":\"https:\/\/wohllebenfilm.de\/#website\",\"url\":\"https:\/\/wohllebenfilm.de\/\",\"name\":\"wohllebenfilm.de\",\"description\":\"\",\"publisher\":{\"@id\":\"https:\/\/wohllebenfilm.de\/#organization\"},\"potentialAction\":[{\"@type\":\"SearchAction\",\"target\":{\"@type\":\"EntryPoint\",\"urlTemplate\":\"https:\/\/wohllebenfilm.de\/?s={search_term_string}\"},\"query-input\":{\"@type\":\"PropertyValueSpecification\",\"valueRequired\":true,\"valueName\":\"search_term_string\"}}],\"inLanguage\":\"en-US\"},{\"@type\":\"Organization\",\"@id\":\"https:\/\/wohllebenfilm.de\/#organization\",\"name\":\"wohllebenfilm.de\",\"url\":\"https:\/\/wohllebenfilm.de\/\",\"logo\":{\"@type\":\"ImageObject\",\"inLanguage\":\"en-US\",\"@id\":\"https:\/\/wohllebenfilm.de\/#\/schema\/logo\/image\/\",\"url\":\"https:\/\/wohllebenfilm.de\/wp-content\/uploads\/2021\/05\/cropped-wohllebenfilm-schriftzug-grau-rot.png\",\"contentUrl\":\"https:\/\/wohllebenfilm.de\/wp-content\/uploads\/2021\/05\/cropped-wohllebenfilm-schriftzug-grau-rot.png\",\"width\":3463,\"height\":250,\"caption\":\"wohllebenfilm.de\"},\"image\":{\"@id\":\"https:\/\/wohllebenfilm.de\/#\/schema\/logo\/image\/\"}}]}<\/script>\n<!-- \/ Yoast SEO plugin. -->","yoast_head_json":{"title":"Agencies \/ Companies - wohllebenfilm.de","robots":{"index":"index","follow":"follow","max-snippet":"max-snippet:-1","max-image-preview":"max-image-preview:large","max-video-preview":"max-video-preview:-1"},"canonical":"https:\/\/wohllebenfilm.de\/kunden\/agenturen-firmen\/","og_locale":"en_US","og_type":"article","og_title":"Agencies \/ Companies - wohllebenfilm.de","og_description":"ABDA Audiomoto Asociati\u00f3n Hermanos Sa\u00edz Avoxa \u2013 Mediengruppe Deutscher Apotheker GmbH Bewegtes Bild Bfc \u2013 Das Redaktionsb\u00fcro Black Pearl Records Dreambeam E&amp;P Reisen-Events E-RM Erfindungsb\u00fcro German Embassy, Cuba Goethe Institute Karlsberg Brewery K\u00f6lnMesse -\u2006 \u2006 Cologne Trade Fair Kraft Heinz Kennedys Confection UK Luna Jack Films Melting Pot Music MTD \u2013 Wolf Garten Neue Bildart &hellip; Continue reading \"Agencies \/ Companies\"","og_url":"https:\/\/wohllebenfilm.de\/kunden\/agenturen-firmen\/","og_site_name":"wohllebenfilm.de","article_modified_time":"2022-02-10T15:21:54+00:00","twitter_card":"summary_large_image","twitter_misc":{"Est. reading time":"1 minute"},"schema":{"@context":"https:\/\/schema.org","@graph":[{"@type":"WebPage","@id":"https:\/\/wohllebenfilm.de\/kunden\/agenturen-firmen\/","url":"https:\/\/wohllebenfilm.de\/kunden\/agenturen-firmen\/","name":"Agencies \/ Companies - wohllebenfilm.de","isPartOf":{"@id":"https:\/\/wohllebenfilm.de\/#website"},"datePublished":"2021-02-04T15:28:05+00:00","dateModified":"2022-02-10T15:21:54+00:00","breadcrumb":{"@id":"https:\/\/wohllebenfilm.de\/kunden\/agenturen-firmen\/#breadcrumb"},"inLanguage":"en-US","potentialAction":[{"@type":"ReadAction","target":["https:\/\/wohllebenfilm.de\/kunden\/agenturen-firmen\/"]}]},{"@type":"BreadcrumbList","@id":"https:\/\/wohllebenfilm.de\/kunden\/agenturen-firmen\/#breadcrumb","itemListElement":[{"@type":"ListItem","position":1,"name":"Startseite","item":"https:\/\/wohllebenfilm.de\/en\/"},{"@type":"ListItem","position":2,"name":"Clients","item":"https:\/\/wohllebenfilm.de\/kunden\/"},{"@type":"ListItem","position":3,"name":"Agencies \/ Companies"}]},{"@type":"WebSite","@id":"https:\/\/wohllebenfilm.de\/#website","url":"https:\/\/wohllebenfilm.de\/","name":"wohllebenfilm.de","description":"","publisher":{"@id":"https:\/\/wohllebenfilm.de\/#organization"},"potentialAction":[{"@type":"SearchAction","target":{"@type":"EntryPoint","urlTemplate":"https:\/\/wohllebenfilm.de\/?s={search_term_string}"},"query-input":{"@type":"PropertyValueSpecification","valueRequired":true,"valueName":"search_term_string"}}],"inLanguage":"en-US"},{"@type":"Organization","@id":"https:\/\/wohllebenfilm.de\/#organization","name":"wohllebenfilm.de","url":"https:\/\/wohllebenfilm.de\/","logo":{"@type":"ImageObject","inLanguage":"en-US","@id":"https:\/\/wohllebenfilm.de\/#\/schema\/logo\/image\/","url":"https:\/\/wohllebenfilm.de\/wp-content\/uploads\/2021\/05\/cropped-wohllebenfilm-schriftzug-grau-rot.png","contentUrl":"https:\/\/wohllebenfilm.de\/wp-content\/uploads\/2021\/05\/cropped-wohllebenfilm-schriftzug-grau-rot.png","width":3463,"height":250,"caption":"wohllebenfilm.de"},"image":{"@id":"https:\/\/wohllebenfilm.de\/#\/schema\/logo\/image\/"}}]}},"uagb_featured_image_src":{"full":false,"thumbnail":false,"medium":false,"medium_large":false,"large":false,"1536x1536":false,"2048x2048":false,"twentyseventeen-featured-image":false,"twentyseventeen-thumbnail-avatar":false,"sow-carousel-default":false},"uagb_author_info":{"display_name":"da Agency","author_link":"https:\/\/wohllebenfilm.de\/en\/author\/da-agency\/"},"uagb_comment_info":0,"uagb_excerpt":"ABDA Audiomoto Asociati\u00f3n Hermanos Sa\u00edz Avoxa \u2013 Mediengruppe Deutscher Apotheker GmbH Bewegtes Bild Bfc \u2013 Das Redaktionsb\u00fcro Black Pearl Records Dreambeam E&amp;P Reisen-Events E-RM Erfindungsb\u00fcro German Embassy, Cuba Goethe Institute Karlsberg Brewery K\u00f6lnMesse -\u2006 \u2006 Cologne Trade Fair Kraft Heinz Kennedys Confection UK Luna Jack Films Melting Pot Music MTD \u2013 Wolf Garten Neue Bildart&hellip;","_links":{"self":[{"href":"https:\/\/wohllebenfilm.de\/en\/wp-json\/wp\/v2\/pages\/42","targetHints":{"allow":["GET"]}}],"collection":[{"href":"https:\/\/wohllebenfilm.de\/en\/wp-json\/wp\/v2\/pages"}],"about":[{"href":"https:\/\/wohllebenfilm.de\/en\/wp-json\/wp\/v2\/types\/page"}],"author":[{"embeddable":true,"href":"https:\/\/wohllebenfilm.de\/en\/wp-json\/wp\/v2\/users\/1"}],"replies":[{"embeddable":true,"href":"https:\/\/wohllebenfilm.de\/en\/wp-json\/wp\/v2\/comments?post=42"}],"version-history":[{"count":5,"href":"https:\/\/wohllebenfilm.de\/en\/wp-json\/wp\/v2\/pages\/42\/revisions"}],"predecessor-version":[{"id":419,"href":"https:\/\/wohllebenfilm.de\/en\/wp-json\/wp\/v2\/pages\/42\/revisions\/419"}],"up":[{"embeddable":true,"href":"https:\/\/wohllebenfilm.de\/en\/wp-json\/wp\/v2\/pages\/38"}],"wp:attachment":[{"href":"https:\/\/wohllebenfilm.de\/en\/wp-json\/wp\/v2\/media?parent=42"}],"curies":[{"name":"wp","href":"https:\/\/api.w.org\/{rel}","templated":true}]}}